{"id":23673,"date":"2024-04-05T17:27:50","date_gmt":"2024-04-05T17:27:50","guid":{"rendered":"https:\/\/scandipro.lv\/uncategorized\/naduvnaya-startovo-finishnaya-arka\/"},"modified":"2024-04-05T17:27:50","modified_gmt":"2024-04-05T17:27:50","slug":"naduvnaya-startovo-finishnaya-arka","status":"publish","type":"product","link":"https:\/\/scandipro.lv\/ru\/naduvnaya-arka\/naduvnaya-startovo-finishnaya-arka\/","title":{"rendered":"\u041d\u0430\u0434\u0443\u0432\u043d\u0430\u044f \u0441\u0442\u0430\u0440\u0442\u043e\u0432\u0430\u044f\/\u0444\u0438\u043d\u0438\u0448\u043d\u0430\u044f \u0430\u0440\u043a\u0430"},"content":{"rendered":"","protected":false},"excerpt":{"rendered":"<ul>\n<li>\u041d\u0430\u0434\u0443\u0432\u043d\u0430\u044f \u0440\u0435\u043a\u043b\u0430\u043c\u043d\u0430\u044f \u0430\u0440\u043a\u0430.<\/li>\n<li>\u0422\u0430\u043a\u0436\u0435 \u043c\u044b \u043f\u0440\u0435\u0434\u043b\u0430\u0433\u0430\u0435\u043c \u043f\u0435\u0447\u0430\u0442\u044c \u043d\u0430 \u0442\u043a\u0430\u043d\u044f\u0445.<\/li>\n<li>\u0412\u043e\u0437\u043c\u043e\u0436\u043d\u044b\u0435 \u0440\u0430\u0437\u043c\u0435\u0440\u044b:\n<ul>\n<li>400 cm x 260 cm x 48 cm<\/li>\n<li>400 cm x 300 cm 48 cm<\/li>\n<li>500 cm x 300 cm x 60 cm<\/li>\n<li>500cm x 360cm x 60cm<\/li>\n<li>600 cm x 400 cm x 60 cm<\/li>\n<li>800 cm x 480 cm x 80 cm<\/li>\n<li>800 cm x 550 cm x 80 cm<\/li>\n<li>900 cm x 550 cm x 90 cm<\/li>\n<li>1000 cm x 600 cm x 90 cm<\/li>\n<\/ul>\n<\/li>\n<\/ul>\n<p><strong><a href=\"https:\/\/scandipro.lv\/wp-content\/uploads\/2024\/04\/Piepusama-arka.pdf\" target=\"_blank\" rel=\"noopener\">\u0420\u0430\u0437\u043c\u0435\u0440\u044b \u0438 \u0447\u0435\u0440\u0442\u0435\u0436\u0438 \u0441\u0442\u0430\u0440\u0442\u043e\u0432\u043e\u0439 \u0434\u0443\u0433\u0438 \u043c\u043e\u0436\u043d\u043e \u043f\u043e\u0441\u043c\u043e\u0442\u0440\u0435\u0442\u044c \u0437\u0434\u0435\u0441\u044c.<\/a><\/strong><\/p>\n","protected":false},"featured_media":23679,"template":"","meta":[],"product_brand":[],"product_cat":[805],"product_tag":[],"class_list":{"0":"post-23673","1":"product","2":"type-product","3":"status-publish","4":"has-post-thumbnail","6":"product_cat-naduvnaya-arka","8":"first","9":"instock","10":"shipping-taxable","11":"purchasable","12":"product-type-simple"},"yoast_head":"<!-- This site is optimized with the Yoast SEO plugin v26.6 - https:\/\/yoast.com\/wordpress\/plugins\/seo\/ -->\n<title>\u041d\u0430\u0434\u0443\u0432\u043d\u0430\u044f \u0441\u0442\u0430\u0440\u0442\u043e\u0432\u0430\u044f\/\u0444\u0438\u043d\u0438\u0448\u043d\u0430\u044f \u0430\u0440\u043a\u0430 - Scandipro Latvia<\/title>\n<meta name=\"robots\" content=\"index, follow, max-snippet:-1, max-image-preview:large, max-video-preview:-1\" \/>\n<link rel=\"canonical\" href=\"https:\/\/scandipro.lv\/ru\/naduvnaya-arka\/naduvnaya-startovo-finishnaya-arka\/\" \/>\n<meta property=\"og:locale\" content=\"ru_RU\" \/>\n<meta property=\"og:type\" content=\"article\" \/>\n<meta property=\"og:title\" content=\"\u041d\u0430\u0434\u0443\u0432\u043d\u0430\u044f \u0441\u0442\u0430\u0440\u0442\u043e\u0432\u0430\u044f\/\u0444\u0438\u043d\u0438\u0448\u043d\u0430\u044f \u0430\u0440\u043a\u0430 - Scandipro Latvia\" \/>\n<meta property=\"og:description\" content=\"\u041d\u0430\u0434\u0443\u0432\u043d\u0430\u044f \u0440\u0435\u043a\u043b\u0430\u043c\u043d\u0430\u044f \u0430\u0440\u043a\u0430.  \u0422\u0430\u043a\u0436\u0435 \u043c\u044b \u043f\u0440\u0435\u0434\u043b\u0430\u0433\u0430\u0435\u043c \u043f\u0435\u0447\u0430\u0442\u044c \u043d\u0430 \u0442\u043a\u0430\u043d\u044f\u0445.  \u0412\u043e\u0437\u043c\u043e\u0436\u043d\u044b\u0435 \u0440\u0430\u0437\u043c\u0435\u0440\u044b:  400 cm x 260 cm x 48 cm  400 cm x 300 cm 48 cm  500 cm x 300 cm x 60 cm  500cm x 360cm x 60cm  600 cm x 400 cm x 60 cm  800 cm x 480 cm x 80 cm  800 cm x 550 cm x 80 cm  900 cm x 550 cm x 90 cm  1000 cm x 600 cm x 90 cm  \u0420\u0430\u0437\u043c\u0435\u0440\u044b \u0438 \u0447\u0435\u0440\u0442\u0435\u0436\u0438 \u0441\u0442\u0430\u0440\u0442\u043e\u0432\u043e\u0439 \u0434\u0443\u0433\u0438 \u043c\u043e\u0436\u043d\u043e \u043f\u043e\u0441\u043c\u043e\u0442\u0440\u0435\u0442\u044c \u0437\u0434\u0435\u0441\u044c.\" \/>\n<meta property=\"og:url\" content=\"https:\/\/scandipro.lv\/ru\/naduvnaya-arka\/naduvnaya-startovo-finishnaya-arka\/\" \/>\n<meta property=\"og:site_name\" content=\"Scandipro Latvia\" \/>\n<meta property=\"og:image\" content=\"https:\/\/scandipro.lv\/wp-content\/uploads\/2024\/04\/Piepusama-starta-finisa-arka.png\" \/>\n\t<meta property=\"og:image:width\" content=\"1024\" \/>\n\t<meta property=\"og:image:height\" content=\"1024\" \/>\n\t<meta property=\"og:image:type\" content=\"image\/png\" \/>\n<meta name=\"twitter:card\" content=\"summary_large_image\" \/>\n<!-- \/ Yoast SEO plugin. -->","yoast_head_json":{"title":"\u041d\u0430\u0434\u0443\u0432\u043d\u0430\u044f \u0441\u0442\u0430\u0440\u0442\u043e\u0432\u0430\u044f\/\u0444\u0438\u043d\u0438\u0448\u043d\u0430\u044f \u0430\u0440\u043a\u0430 - Scandipro Latvia","robots":{"index":"index","follow":"follow","max-snippet":"max-snippet:-1","max-image-preview":"max-image-preview:large","max-video-preview":"max-video-preview:-1"},"canonical":"https:\/\/scandipro.lv\/ru\/naduvnaya-arka\/naduvnaya-startovo-finishnaya-arka\/","og_locale":"ru_RU","og_type":"article","og_title":"\u041d\u0430\u0434\u0443\u0432\u043d\u0430\u044f \u0441\u0442\u0430\u0440\u0442\u043e\u0432\u0430\u044f\/\u0444\u0438\u043d\u0438\u0448\u043d\u0430\u044f \u0430\u0440\u043a\u0430 - Scandipro Latvia","og_description":"\u041d\u0430\u0434\u0443\u0432\u043d\u0430\u044f \u0440\u0435\u043a\u043b\u0430\u043c\u043d\u0430\u044f \u0430\u0440\u043a\u0430.  \u0422\u0430\u043a\u0436\u0435 \u043c\u044b \u043f\u0440\u0435\u0434\u043b\u0430\u0433\u0430\u0435\u043c \u043f\u0435\u0447\u0430\u0442\u044c \u043d\u0430 \u0442\u043a\u0430\u043d\u044f\u0445.  \u0412\u043e\u0437\u043c\u043e\u0436\u043d\u044b\u0435 \u0440\u0430\u0437\u043c\u0435\u0440\u044b:  400 cm x 260 cm x 48 cm  400 cm x 300 cm 48 cm  500 cm x 300 cm x 60 cm  500cm x 360cm x 60cm  600 cm x 400 cm x 60 cm  800 cm x 480 cm x 80 cm  800 cm x 550 cm x 80 cm  900 cm x 550 cm x 90 cm  1000 cm x 600 cm x 90 cm  \u0420\u0430\u0437\u043c\u0435\u0440\u044b \u0438 \u0447\u0435\u0440\u0442\u0435\u0436\u0438 \u0441\u0442\u0430\u0440\u0442\u043e\u0432\u043e\u0439 \u0434\u0443\u0433\u0438 \u043c\u043e\u0436\u043d\u043e \u043f\u043e\u0441\u043c\u043e\u0442\u0440\u0435\u0442\u044c \u0437\u0434\u0435\u0441\u044c.","og_url":"https:\/\/scandipro.lv\/ru\/naduvnaya-arka\/naduvnaya-startovo-finishnaya-arka\/","og_site_name":"Scandipro Latvia","og_image":[{"width":1024,"height":1024,"url":"https:\/\/scandipro.lv\/wp-content\/uploads\/2024\/04\/Piepusama-starta-finisa-arka.png","type":"image\/png"}],"twitter_card":"summary_large_image","schema":{"@context":"https:\/\/schema.org","@graph":[{"@type":"WebPage","@id":"https:\/\/scandipro.lv\/ru\/naduvnaya-arka\/naduvnaya-startovo-finishnaya-arka\/","url":"https:\/\/scandipro.lv\/ru\/naduvnaya-arka\/naduvnaya-startovo-finishnaya-arka\/","name":"\u041d\u0430\u0434\u0443\u0432\u043d\u0430\u044f \u0441\u0442\u0430\u0440\u0442\u043e\u0432\u0430\u044f\/\u0444\u0438\u043d\u0438\u0448\u043d\u0430\u044f \u0430\u0440\u043a\u0430 - Scandipro Latvia","isPartOf":{"@id":"https:\/\/scandipro.lv\/ru\/#website"},"primaryImageOfPage":{"@id":"https:\/\/scandipro.lv\/ru\/naduvnaya-arka\/naduvnaya-startovo-finishnaya-arka\/#primaryimage"},"image":{"@id":"https:\/\/scandipro.lv\/ru\/naduvnaya-arka\/naduvnaya-startovo-finishnaya-arka\/#primaryimage"},"thumbnailUrl":"https:\/\/scandipro.lv\/wp-content\/uploads\/2024\/04\/Piepusama-starta-finisa-arka.png","datePublished":"2024-04-05T17:27:50+00:00","breadcrumb":{"@id":"https:\/\/scandipro.lv\/ru\/naduvnaya-arka\/naduvnaya-startovo-finishnaya-arka\/#breadcrumb"},"inLanguage":"ru-RU","potentialAction":[{"@type":"ReadAction","target":["https:\/\/scandipro.lv\/ru\/naduvnaya-arka\/naduvnaya-startovo-finishnaya-arka\/"]}]},{"@type":"ImageObject","inLanguage":"ru-RU","@id":"https:\/\/scandipro.lv\/ru\/naduvnaya-arka\/naduvnaya-startovo-finishnaya-arka\/#primaryimage","url":"https:\/\/scandipro.lv\/wp-content\/uploads\/2024\/04\/Piepusama-starta-finisa-arka.png","contentUrl":"https:\/\/scandipro.lv\/wp-content\/uploads\/2024\/04\/Piepusama-starta-finisa-arka.png","width":1024,"height":1024,"caption":"Piep\u016b\u0161am\u0101 starta fini\u0161a arka"},{"@type":"BreadcrumbList","@id":"https:\/\/scandipro.lv\/ru\/naduvnaya-arka\/naduvnaya-startovo-finishnaya-arka\/#breadcrumb","itemListElement":[{"@type":"ListItem","position":1,"name":"Tooted","item":"https:\/\/scandipro.lv\/et\/tooted\/"},{"@type":"ListItem","position":2,"name":"\u041d\u0430\u0434\u0443\u0432\u043d\u0430\u044f \u0441\u0442\u0430\u0440\u0442\u043e\u0432\u0430\u044f\/\u0444\u0438\u043d\u0438\u0448\u043d\u0430\u044f \u0430\u0440\u043a\u0430"}]},{"@type":"WebSite","@id":"https:\/\/scandipro.lv\/ru\/#website","url":"https:\/\/scandipro.lv\/ru\/","name":"Scandipro Latvia","description":"","publisher":{"@id":"https:\/\/scandipro.lv\/ru\/#organization"},"potentialAction":[{"@type":"SearchAction","target":{"@type":"EntryPoint","urlTemplate":"https:\/\/scandipro.lv\/ru\/?s={search_term_string}"},"query-input":{"@type":"PropertyValueSpecification","valueRequired":true,"valueName":"search_term_string"}}],"inLanguage":"ru-RU"},{"@type":"Organization","@id":"https:\/\/scandipro.lv\/ru\/#organization","name":"Scandipro Latvia","url":"https:\/\/scandipro.lv\/ru\/","logo":{"@type":"ImageObject","inLanguage":"ru-RU","@id":"https:\/\/scandipro.lv\/ru\/#\/schema\/logo\/image\/","url":"https:\/\/scandipro.lv\/wp-content\/uploads\/2023\/06\/tentest-fav-icon.png","contentUrl":"https:\/\/scandipro.lv\/wp-content\/uploads\/2023\/06\/tentest-fav-icon.png","width":504,"height":504,"caption":"Scandipro Latvia"},"image":{"@id":"https:\/\/scandipro.lv\/ru\/#\/schema\/logo\/image\/"}}]}},"wcpa_form_fields":null,"_links":{"self":[{"href":"https:\/\/scandipro.lv\/ru\/wp-json\/wp\/v2\/product\/23673","targetHints":{"allow":["GET"]}}],"collection":[{"href":"https:\/\/scandipro.lv\/ru\/wp-json\/wp\/v2\/product"}],"about":[{"href":"https:\/\/scandipro.lv\/ru\/wp-json\/wp\/v2\/types\/product"}],"wp:featuredmedia":[{"embeddable":true,"href":"https:\/\/scandipro.lv\/ru\/wp-json\/wp\/v2\/media\/23679"}],"wp:attachment":[{"href":"https:\/\/scandipro.lv\/ru\/wp-json\/wp\/v2\/media?parent=23673"}],"wp:term":[{"taxonomy":"product_brand","embeddable":true,"href":"https:\/\/scandipro.lv\/ru\/wp-json\/wp\/v2\/product_brand?post=23673"},{"taxonomy":"product_cat","embeddable":true,"href":"https:\/\/scandipro.lv\/ru\/wp-json\/wp\/v2\/product_cat?post=23673"},{"taxonomy":"product_tag","embeddable":true,"href":"https:\/\/scandipro.lv\/ru\/wp-json\/wp\/v2\/product_tag?post=23673"}],"curies":[{"name":"wp","href":"https:\/\/api.w.org\/{rel}","templated":true}]}}